{"id":344,"date":"2025-03-10T18:41:05","date_gmt":"2025-03-10T18:41:05","guid":{"rendered":"https:\/\/logisticstransportcorp.com\/?page_id=344"},"modified":"2025-03-26T17:27:01","modified_gmt":"2025-03-26T17:27:01","slug":"services","status":"publish","type":"page","link":"https:\/\/logisticstransportcorp.com\/es\/services\/","title":{"rendered":"Servicios"},"content":{"rendered":"<div data-elementor-type=\"wp-page\" data-elementor-id=\"344\" class=\"elementor elementor-344\" data-elementor-post-type=\"page\">\n\t\t\t\t\t\t<section class=\"elementor-section elementor-top-section elementor-element elementor-element-538ff48 elementor-section-boxed elementor-section-height-default elementor-section-height-default\" data-id=\"538ff48\" data-element_type=\"section\" data-e-type=\"section\" data-settings=\"{&quot;background_background&quot;:&quot;classic&quot;}\">\n\t\t\t\t\t\t\t<div class=\"elementor-background-overlay\"><\/div>\n\t\t\t\t\t\t\t<div class=\"elementor-container elementor-column-gap-default\">\n\t\t\t\t\t<div class=\"elementor-column elementor-col-100 elementor-top-column elementor-element elementor-element-5283fb5\" data-id=\"5283fb5\" data-element_type=\"column\" data-e-type=\"column\">\n\t\t\t<div class=\"elementor-widget-wrap elementor-element-populated\">\n\t\t\t\t\t\t<div class=\"elementor-element elementor-element-11f6ca2 elementor-invisible elementor-widget elementor-widget-heading\" data-id=\"11f6ca2\" data-element_type=\"widget\" data-e-type=\"widget\" data-settings=\"{&quot;_animation&quot;:&quot;fadeIn&quot;}\" data-widget_type=\"heading.default\">\n\t\t\t\t<div class=\"elementor-widget-container\">\n\t\t\t\t\t<h1 class=\"elementor-heading-title elementor-size-default\">Servicios<\/h1>\t\t\t\t<\/div>\n\t\t\t\t<\/div>\n\t\t\t\t\t<\/div>\n\t\t<\/div>\n\t\t\t\t\t<\/div>\n\t\t<\/section>\n\t\t<div class=\"elementor-element elementor-element-713dc5c e-flex e-con-boxed e-con e-parent\" data-id=\"713dc5c\" data-element_type=\"container\" data-e-type=\"container\" data-settings=\"{&quot;background_background&quot;:&quot;classic&quot;}\">\n\t\t\t\t\t<div class=\"e-con-inner\">\n\t\t<div class=\"elementor-element elementor-element-c8d352c e-con-full e-flex e-con e-child\" data-id=\"c8d352c\" data-element_type=\"container\" data-e-type=\"container\">\n\t\t\t\t<div class=\"elementor-element elementor-element-96cf3c5 elementor-widget elementor-widget-text-editor\" data-id=\"96cf3c5\" data-element_type=\"widget\" data-e-type=\"widget\" data-widget_type=\"text-editor.default\">\n\t\t\t\t<div class=\"elementor-widget-container\">\n\t\t\t\t\t\t\t\t\t<p class=\"font_7 wixui-rich-text__text\"><span class=\"wixui-rich-text__text\"><span class=\"color_15 wixui-rich-text__text\">Logistics Transport Corp. ofrece una s\u00f3lida combinaci\u00f3n de servicios de carga y almacenamiento. Ofrecemos un nivel de servicio que superar\u00e1 tus expectativas. Respaldados por nuestro equipo de especialistas en almac\u00e9n y transporte, tus productos estar\u00e1n bien cuidados, llegar\u00e1n a tiempo y dentro del presupuesto.<\/span><\/span><\/p><p class=\"font_8 wixui-rich-text__text\"><span class=\"wixui-rich-text__text\"><span class=\"color_15 wixui-rich-text__text\">Somos especialistas en transporte con experiencia en:<\/span><\/span><\/p><ul class=\"font_8 color_15 wixui-rich-text__text\" style=\"background: transparent; margin-bottom: 0px; margin-left: 0px; pointer-events: auto; font-style: normal; font-weight: 400; font-size: 12px; line-height: normal; color: rgb(var(--color_15)); margin-inline-start: 0.5em; padding-inline: 1.3em 0px;\"><li class=\"wixui-rich-text__text\" style=\"background: transparent; line-height: inherit; font-family: basic, sans-serif; font-size: 16px;\"><p class=\"font_8 wixui-rich-text__text\" style=\"background: transparent; font-size: 16px; color: rgb(var(--color_15)); letter-spacing: 0em; margin-block: 0px; margin-bottom: 0px;\">Servicios de transporte a toda Puerto Rico, St. Thomas y St. Cruz.<\/p><\/li><li class=\"wixui-rich-text__text\" style=\"background: transparent; line-height: inherit; font-family: basic, sans-serif; font-size: 16px;\"><p class=\"font_8 wixui-rich-text__text\" style=\"background: transparent; font-size: 16px; color: rgb(var(--color_15)); letter-spacing: 0em; margin-block: 0px; margin-bottom: 0px;\">Servicios de puerto a puerta<\/p><\/li><li class=\"wixui-rich-text__text\" style=\"background: transparent; line-height: inherit; font-family: basic, sans-serif; font-size: 16px;\"><p class=\"font_8 wixui-rich-text__text\" style=\"background: transparent; font-size: 16px; color: rgb(var(--color_15)); letter-spacing: 0em; margin-block: 0px; margin-bottom: 0px;\">Servicios de puerta a puerta<\/p><\/li><li class=\"wixui-rich-text__text\" style=\"background: transparent; line-height: inherit; font-family: basic, sans-serif; font-size: 16px;\"><p class=\"font_8 wixui-rich-text__text\" style=\"background: transparent; font-size: 16px; color: rgb(var(--color_15)); letter-spacing: 0em; margin-block: 0px; margin-bottom: 0px;\">Transporte de Carga Peligrosa<\/p><\/li><li class=\"wixui-rich-text__text\" style=\"background: transparent; line-height: inherit; font-family: basic, sans-serif; font-size: 16px;\"><p class=\"font_8 wixui-rich-text__text\" style=\"background: transparent; font-size: 16px; color: rgb(var(--color_15)); letter-spacing: 0em; margin-block: 0px; margin-bottom: 0px;\">Almacenaje y Distribuci\u00f3n Seguros<\/p><\/li><li class=\"wixui-rich-text__text\" style=\"background: transparent; line-height: inherit; font-family: basic, sans-serif; font-size: 16px;\"><p class=\"font_8 wixui-rich-text__text\" style=\"background: transparent; font-size: 16px; color: rgb(var(--color_15)); letter-spacing: 0em; margin-block: 0px; margin-bottom: 0px;\">Alquiler de Contenedores<\/p><\/li><\/ul>\t\t\t\t\t\t\t\t<\/div>\n\t\t\t\t<\/div>\n\t\t\t\t<\/div>\n\t\t<div class=\"elementor-element elementor-element-81d70bb e-con-full e-flex e-con e-child\" data-id=\"81d70bb\" data-element_type=\"container\" data-e-type=\"container\">\n\t\t\t\t<div class=\"elementor-element elementor-element-f43ef3c elementor-widget elementor-widget-image\" data-id=\"f43ef3c\" data-element_type=\"widget\" data-e-type=\"widget\" data-widget_type=\"image.default\">\n\t\t\t\t<div class=\"elementor-widget-container\">\n\t\t\t\t\t\t\t\t\t\t\t\t\t\t\t<img fetchpriority=\"high\" decoding=\"async\" width=\"940\" height=\"788\" src=\"https:\/\/logisticstransportcorp.com\/wp-content\/uploads\/2025\/03\/36.jpg\" class=\"attachment-large size-large wp-image-763\" alt=\"\" srcset=\"https:\/\/logisticstransportcorp.com\/wp-content\/uploads\/2025\/03\/36.jpg 940w, https:\/\/logisticstransportcorp.com\/wp-content\/uploads\/2025\/03\/36-300x251.jpg 300w, https:\/\/logisticstransportcorp.com\/wp-content\/uploads\/2025\/03\/36-768x644.jpg 768w\" sizes=\"(max-width: 940px) 100vw, 940px\" \/>\t\t\t\t\t\t\t\t\t\t\t\t\t\t\t<\/div>\n\t\t\t\t<\/div>\n\t\t\t\t<\/div>\n\t\t\t\t\t<\/div>\n\t\t\t\t<\/div>\n\t\t<div class=\"elementor-element elementor-element-f95cf41 e-flex e-con-boxed e-con e-parent\" data-id=\"f95cf41\" data-element_type=\"container\" data-e-type=\"container\">\n\t\t\t\t\t<div class=\"e-con-inner\">\n\t\t<div class=\"elementor-element elementor-element-e3a173b e-con-full e-flex e-con e-child\" data-id=\"e3a173b\" data-element_type=\"container\" data-e-type=\"container\">\n\t\t\t\t<div class=\"elementor-element elementor-element-af97076 elementor-widget elementor-widget-heading\" data-id=\"af97076\" data-element_type=\"widget\" data-e-type=\"widget\" data-widget_type=\"heading.default\">\n\t\t\t\t<div class=\"elementor-widget-container\">\n\t\t\t\t\t<h2 class=\"elementor-heading-title elementor-size-default\">Transporte<br> Servicios<\/h2>\t\t\t\t<\/div>\n\t\t\t\t<\/div>\n\t\t\t\t<div class=\"elementor-element elementor-element-a53745d elementor-widget elementor-widget-image\" data-id=\"a53745d\" data-element_type=\"widget\" data-e-type=\"widget\" data-widget_type=\"image.default\">\n\t\t\t\t<div class=\"elementor-widget-container\">\n\t\t\t\t\t\t\t\t\t\t\t\t\t\t\t<img decoding=\"async\" width=\"940\" height=\"788\" src=\"https:\/\/logisticstransportcorp.com\/wp-content\/uploads\/2024\/10\/15.jpg\" class=\"attachment-large size-large wp-image-281\" alt=\"\" srcset=\"https:\/\/logisticstransportcorp.com\/wp-content\/uploads\/2024\/10\/15.jpg 940w, https:\/\/logisticstransportcorp.com\/wp-content\/uploads\/2024\/10\/15-300x251.jpg 300w, https:\/\/logisticstransportcorp.com\/wp-content\/uploads\/2024\/10\/15-768x644.jpg 768w\" sizes=\"(max-width: 940px) 100vw, 940px\" \/>\t\t\t\t\t\t\t\t\t\t\t\t\t\t\t<\/div>\n\t\t\t\t<\/div>\n\t\t\t\t<div class=\"elementor-element elementor-element-d9e5c5a elementor-widget elementor-widget-text-editor\" data-id=\"d9e5c5a\" data-element_type=\"widget\" data-e-type=\"widget\" data-widget_type=\"text-editor.default\">\n\t\t\t\t<div class=\"elementor-widget-container\">\n\t\t\t\t\t\t\t\t\t<ul><li>All of Puerto Rico, St. Thomas, and St. Croix.<\/li><li>Flota de camiones de primera clase<\/li><li>Plataformas<\/li><li>Chasis intermodal<\/li><li>Camiones de patio (Grutas)<\/li><li>Disponible 24\/7, incluidos d\u00edas festivos y emergencias<\/li><\/ul>\t\t\t\t\t\t\t\t<\/div>\n\t\t\t\t<\/div>\n\t\t\t\t<div class=\"elementor-element elementor-element-efaf192 elementor-align-center elementor-widget elementor-widget-button\" data-id=\"efaf192\" data-element_type=\"widget\" data-e-type=\"widget\" data-widget_type=\"button.default\">\n\t\t\t\t<div class=\"elementor-widget-container\">\n\t\t\t\t\t\t\t\t\t<div class=\"elementor-button-wrapper\">\n\t\t\t\t\t<a class=\"elementor-button elementor-button-link elementor-size-sm elementor-animation-pulse\" href=\"https:\/\/logisticstransportcorp.com\/es\/transportation-services\/\">\n\t\t\t\t\t\t<span class=\"elementor-button-content-wrapper\">\n\t\t\t\t\t\t\t\t\t<span class=\"elementor-button-text\">\u00a1SOLICITA TU COTIZACI\u00d3N!<\/span>\n\t\t\t\t\t<\/span>\n\t\t\t\t\t<\/a>\n\t\t\t\t<\/div>\n\t\t\t\t\t\t\t\t<\/div>\n\t\t\t\t<\/div>\n\t\t\t\t<\/div>\n\t\t<div class=\"elementor-element elementor-element-0162266 e-con-full e-flex e-con e-child\" data-id=\"0162266\" data-element_type=\"container\" data-e-type=\"container\">\n\t\t\t\t<div class=\"elementor-element elementor-element-2b3fc18 elementor-widget elementor-widget-heading\" data-id=\"2b3fc18\" data-element_type=\"widget\" data-e-type=\"widget\" data-widget_type=\"heading.default\">\n\t\t\t\t<div class=\"elementor-widget-container\">\n\t\t\t\t\t<h2 class=\"elementor-heading-title elementor-size-default\">Warehousing &amp; <br>Almacenamiento y Distribuci\u00f3n<\/h2>\t\t\t\t<\/div>\n\t\t\t\t<\/div>\n\t\t\t\t<div class=\"elementor-element elementor-element-48e7d2c elementor-widget elementor-widget-image\" data-id=\"48e7d2c\" data-element_type=\"widget\" data-e-type=\"widget\" data-widget_type=\"image.default\">\n\t\t\t\t<div class=\"elementor-widget-container\">\n\t\t\t\t\t\t\t\t\t\t\t\t\t\t\t<img decoding=\"async\" width=\"940\" height=\"788\" src=\"https:\/\/logisticstransportcorp.com\/wp-content\/uploads\/2025\/03\/Warehousing-Distribution-Services.jpg\" class=\"attachment-large size-large wp-image-312\" alt=\"\" srcset=\"https:\/\/logisticstransportcorp.com\/wp-content\/uploads\/2025\/03\/Warehousing-Distribution-Services.jpg 940w, https:\/\/logisticstransportcorp.com\/wp-content\/uploads\/2025\/03\/Warehousing-Distribution-Services-300x251.jpg 300w, https:\/\/logisticstransportcorp.com\/wp-content\/uploads\/2025\/03\/Warehousing-Distribution-Services-768x644.jpg 768w\" sizes=\"(max-width: 940px) 100vw, 940px\" \/>\t\t\t\t\t\t\t\t\t\t\t\t\t\t\t<\/div>\n\t\t\t\t<\/div>\n\t\t\t\t<div class=\"elementor-element elementor-element-d04edd6 elementor-widget elementor-widget-text-editor\" data-id=\"d04edd6\" data-element_type=\"widget\" data-e-type=\"widget\" data-widget_type=\"text-editor.default\">\n\t\t\t\t<div class=\"elementor-widget-container\">\n\t\t\t\t\t\t\t\t\t<ul><li>Recoger y empacar<\/li><li>Etiquetado con c\u00f3digos de barras<\/li><li>Cross docking<\/li><li>Transbordo<\/li><li>Control de inventario<\/li><li>Consolidaci\u00f3n<\/li><li>Distribuci\u00f3n a tiempo<\/li><\/ul>\t\t\t\t\t\t\t\t<\/div>\n\t\t\t\t<\/div>\n\t\t\t\t<div class=\"elementor-element elementor-element-1b62770 elementor-align-center elementor-widget elementor-widget-button\" data-id=\"1b62770\" data-element_type=\"widget\" data-e-type=\"widget\" data-widget_type=\"button.default\">\n\t\t\t\t<div class=\"elementor-widget-container\">\n\t\t\t\t\t\t\t\t\t<div class=\"elementor-button-wrapper\">\n\t\t\t\t\t<a class=\"elementor-button elementor-button-link elementor-size-sm elementor-animation-pulse\" href=\"https:\/\/logisticstransportcorp.com\/es\/warehousing-distribution-services\/\">\n\t\t\t\t\t\t<span class=\"elementor-button-content-wrapper\">\n\t\t\t\t\t\t\t\t\t<span class=\"elementor-button-text\">\u00a1SOLICITA TU COTIZACI\u00d3N!<\/span>\n\t\t\t\t\t<\/span>\n\t\t\t\t\t<\/a>\n\t\t\t\t<\/div>\n\t\t\t\t\t\t\t\t<\/div>\n\t\t\t\t<\/div>\n\t\t\t\t<\/div>\n\t\t<div class=\"elementor-element elementor-element-cabd760 e-con-full e-flex e-con e-child\" data-id=\"cabd760\" data-element_type=\"container\" data-e-type=\"container\">\n\t\t\t\t<div class=\"elementor-element elementor-element-f3c27c4 elementor-widget elementor-widget-heading\" data-id=\"f3c27c4\" data-element_type=\"widget\" data-e-type=\"widget\" data-widget_type=\"heading.default\">\n\t\t\t\t<div class=\"elementor-widget-container\">\n\t\t\t\t\t<h2 class=\"elementor-heading-title elementor-size-default\">Venta y Alquiler de Contenedores<\/h2>\t\t\t\t<\/div>\n\t\t\t\t<\/div>\n\t\t\t\t<div class=\"elementor-element elementor-element-2400c43 elementor-widget elementor-widget-image\" data-id=\"2400c43\" data-element_type=\"widget\" data-e-type=\"widget\" data-widget_type=\"image.default\">\n\t\t\t\t<div class=\"elementor-widget-container\">\n\t\t\t\t\t\t\t\t\t\t\t\t\t\t\t<img loading=\"lazy\" decoding=\"async\" width=\"1024\" height=\"858\" src=\"https:\/\/logisticstransportcorp.com\/wp-content\/uploads\/2025\/03\/Container-Rental-1024x858.jpg\" class=\"attachment-large size-large wp-image-313\" alt=\"\" srcset=\"https:\/\/logisticstransportcorp.com\/wp-content\/uploads\/2025\/03\/Container-Rental-1024x858.jpg 1024w, https:\/\/logisticstransportcorp.com\/wp-content\/uploads\/2025\/03\/Container-Rental-300x251.jpg 300w, https:\/\/logisticstransportcorp.com\/wp-content\/uploads\/2025\/03\/Container-Rental-768x644.jpg 768w, https:\/\/logisticstransportcorp.com\/wp-content\/uploads\/2025\/03\/Container-Rental-1536x1288.jpg 1536w, https:\/\/logisticstransportcorp.com\/wp-content\/uploads\/2025\/03\/Container-Rental.jpg 1645w\" sizes=\"(max-width: 1024px) 100vw, 1024px\" \/>\t\t\t\t\t\t\t\t\t\t\t\t\t\t\t<\/div>\n\t\t\t\t<\/div>\n\t\t\t\t<div class=\"elementor-element elementor-element-3b3169d elementor-widget elementor-widget-text-editor\" data-id=\"3b3169d\" data-element_type=\"widget\" data-e-type=\"widget\" data-widget_type=\"text-editor.default\">\n\t\t\t\t<div class=\"elementor-widget-container\">\n\t\t\t\t\t\t\t\t\t<ul><li><strong>Disponibilidad:<\/strong> All Puerto Rico, St. Thomas and St. Croix.<\/li><li><strong>Tipos:<\/strong> Contenedores de 40', 45', 48' y 53'<\/li><li>Entrega y recogida<\/li><li><strong>Disponible 24\/7,<\/strong> incluidos d\u00edas festivos y emergencias.<\/li><\/ul>\t\t\t\t\t\t\t\t<\/div>\n\t\t\t\t<\/div>\n\t\t\t\t<div class=\"elementor-element elementor-element-40703ab elementor-align-center elementor-widget elementor-widget-button\" data-id=\"40703ab\" data-element_type=\"widget\" data-e-type=\"widget\" data-widget_type=\"button.default\">\n\t\t\t\t<div class=\"elementor-widget-container\">\n\t\t\t\t\t\t\t\t\t<div class=\"elementor-button-wrapper\">\n\t\t\t\t\t<a class=\"elementor-button elementor-button-link elementor-size-sm elementor-animation-pulse\" href=\"https:\/\/logisticstransportcorp.com\/es\/sale-rental-of-containers\/\">\n\t\t\t\t\t\t<span class=\"elementor-button-content-wrapper\">\n\t\t\t\t\t\t\t\t\t<span class=\"elementor-button-text\">\u00a1SOLICITA TU COTIZACI\u00d3N!<\/span>\n\t\t\t\t\t<\/span>\n\t\t\t\t\t<\/a>\n\t\t\t\t<\/div>\n\t\t\t\t\t\t\t\t<\/div>\n\t\t\t\t<\/div>\n\t\t\t\t<\/div>\n\t\t\t\t\t<\/div>\n\t\t\t\t<\/div>\n\t\t<div class=\"elementor-element elementor-element-b72fefe e-flex e-con-boxed e-con e-parent\" data-id=\"b72fefe\" data-element_type=\"container\" data-e-type=\"container\">\n\t\t\t\t\t<div class=\"e-con-inner\">\n\t\t\t\t<div class=\"elementor-element elementor-element-4dbda69 elementor-widget elementor-widget-spacer\" data-id=\"4dbda69\" data-element_type=\"widget\" data-e-type=\"widget\" data-widget_type=\"spacer.default\">\n\t\t\t\t<div class=\"elementor-widget-container\">\n\t\t\t\t\t\t\t<div class=\"elementor-spacer\">\n\t\t\t<div class=\"elementor-spacer-inner\"><\/div>\n\t\t<\/div>\n\t\t\t\t\t\t<\/div>\n\t\t\t\t<\/div>\n\t\t\t\t\t<\/div>\n\t\t\t\t<\/div>\n\t\t\t\t<\/div>","protected":false},"excerpt":{"rendered":"<p>Services Logistics Transport Corp. offers a vigorous combination of freight and warehousing services.\u00a0 We offer a service level that will [&hellip;]<\/p>\n","protected":false},"author":1,"featured_media":0,"parent":0,"menu_order":0,"comment_status":"closed","ping_status":"closed","template":"","meta":{"_coblocks_attr":"","_coblocks_dimensions":"","_coblocks_responsive_height":"","_coblocks_accordion_ie_support":"","site-sidebar-layout":"no-sidebar","site-content-layout":"","ast-site-content-layout":"full-width-container","site-content-style":"default","site-sidebar-style":"default","ast-global-header-display":"","ast-banner-title-visibility":"","ast-main-header-display":"","ast-hfb-above-header-display":"","ast-hfb-below-header-display":"","ast-hfb-mobile-header-display":"","site-post-title":"disabled","ast-breadcrumbs-content":"","ast-featured-img":"disabled","footer-sml-layout":"","ast-disable-related-posts":"","theme-transparent-header-meta":"","adv-header-id-meta":"","stick-header-meta":"","header-above-stick-meta":"","header-main-stick-meta":"","header-below-stick-meta":"","astra-migrate-meta-layouts":"default","ast-page-background-enabled":"default","ast-page-background-meta":{"desktop":{"background-color":"var(--ast-global-color-4)","background-image":"","background-repeat":"repeat","background-position":"center center","background-size":"auto","background-attachment":"scroll","background-type":"","background-media":"","overlay-type":"","overlay-color":"","overlay-opacity":"","overlay-gradient":""},"tablet":{"background-color":"","background-image":"","background-repeat":"repeat","background-position":"center center","background-size":"auto","background-attachment":"scroll","background-type":"","background-media":"","overlay-type":"","overlay-color":"","overlay-opacity":"","overlay-gradient":""},"mobile":{"background-color":"","background-image":"","background-repeat":"repeat","background-position":"center center","background-size":"auto","background-attachment":"scroll","background-type":"","background-media":"","overlay-type":"","overlay-color":"","overlay-opacity":"","overlay-gradient":""}},"ast-content-background-meta":{"desktop":{"background-color":"var(--ast-global-color-5)","background-image":"","background-repeat":"repeat","background-position":"center center","background-size":"auto","background-attachment":"scroll","background-type":"","background-media":"","overlay-type":"","overlay-color":"","overlay-opacity":"","overlay-gradient":""},"tablet":{"background-color":"var(--ast-global-color-5)","background-image":"","background-repeat":"repeat","background-position":"center center","background-size":"auto","background-attachment":"scroll","background-type":"","background-media":"","overlay-type":"","overlay-color":"","overlay-opacity":"","overlay-gradient":""},"mobile":{"background-color":"var(--ast-global-color-5)","background-image":"","background-repeat":"repeat","background-position":"center center","background-size":"auto","background-attachment":"scroll","background-type":"","background-media":"","overlay-type":"","overlay-color":"","overlay-opacity":"","overlay-gradient":""}},"footnotes":""},"class_list":["post-344","page","type-page","status-publish","hentry"],"_links":{"self":[{"href":"https:\/\/logisticstransportcorp.com\/es\/wp-json\/wp\/v2\/pages\/344","targetHints":{"allow":["GET"]}}],"collection":[{"href":"https:\/\/logisticstransportcorp.com\/es\/wp-json\/wp\/v2\/pages"}],"about":[{"href":"https:\/\/logisticstransportcorp.com\/es\/wp-json\/wp\/v2\/types\/page"}],"author":[{"embeddable":true,"href":"https:\/\/logisticstransportcorp.com\/es\/wp-json\/wp\/v2\/users\/1"}],"replies":[{"embeddable":true,"href":"https:\/\/logisticstransportcorp.com\/es\/wp-json\/wp\/v2\/comments?post=344"}],"version-history":[{"count":73,"href":"https:\/\/logisticstransportcorp.com\/es\/wp-json\/wp\/v2\/pages\/344\/revisions"}],"predecessor-version":[{"id":834,"href":"https:\/\/logisticstransportcorp.com\/es\/wp-json\/wp\/v2\/pages\/344\/revisions\/834"}],"wp:attachment":[{"href":"https:\/\/logisticstransportcorp.com\/es\/wp-json\/wp\/v2\/media?parent=344"}],"curies":[{"name":"wp","href":"https:\/\/api.w.org\/{rel}","templated":true}]}}